{"id":178,"date":"2021-11-09T18:15:51","date_gmt":"2021-11-09T18:15:51","guid":{"rendered":"https:\/\/bianka-estel.art\/?page_id=178"},"modified":"2025-09-19T22:12:59","modified_gmt":"2025-09-19T22:12:59","slug":"kontakt","status":"publish","type":"page","link":"https:\/\/bianka-estel.art\/?page_id=178","title":{"rendered":"Kontaktformular"},"content":{"rendered":"\n<p>Bitte die notwendigen Daten und die Informationen eintragen.<\/p>\n\n\n\n<p>Ich melde mich schnellstm\u00f6glich zur\u00fcck.<\/p>\n\n\n\n<div class=\"wp-block-contact-form-7-contact-form-selector\">\n<div class=\"wpcf7 no-js\" id=\"wpcf7-f188-o1\" lang=\"de-DE\" dir=\"ltr\" data-wpcf7-id=\"188\">\n<div class=\"screen-reader-response\"><p role=\"status\" aria-live=\"polite\" aria-atomic=\"true\"><\/p> <ul><\/ul><\/div>\n<form action=\"\/index.php?rest_route=%2Fwp%2Fv2%2Fpages%2F178#wpcf7-f188-o1\" method=\"post\" class=\"wpcf7-form init\" aria-label=\"Kontaktformular\" novalidate=\"novalidate\" data-status=\"init\">\n<fieldset class=\"hidden-fields-container\"><input type=\"hidden\" name=\"_wpcf7\" value=\"188\" \/><input type=\"hidden\" name=\"_wpcf7_version\" value=\"6.1.5\" \/><input type=\"hidden\" name=\"_wpcf7_locale\" value=\"de_DE\" \/><input type=\"hidden\" name=\"_wpcf7_unit_tag\" value=\"wpcf7-f188-o1\" \/><input type=\"hidden\" name=\"_wpcf7_container_post\" value=\"0\" \/><input type=\"hidden\" name=\"_wpcf7_posted_data_hash\" value=\"\" \/>\n<\/fieldset>\n<p><label> Name<br \/>\n<span class=\"wpcf7-form-control-wrap\" data-name=\"your-name\"><input size=\"40\" maxlength=\"400\" class=\"wpcf7-form-control wpcf7-text wpcf7-validates-as-required\" aria-required=\"true\" aria-invalid=\"false\" value=\"\" type=\"text\" name=\"your-name\" \/><\/span> <\/label>\n<\/p>\n<p><label> E-Mail-Adresse<br \/>\n<span class=\"wpcf7-form-control-wrap\" data-name=\"your-email\"><input size=\"40\" maxlength=\"400\" class=\"wpcf7-form-control wpcf7-email wpcf7-validates-as-required wpcf7-text wpcf7-validates-as-email\" aria-required=\"true\" aria-invalid=\"false\" value=\"\" type=\"email\" name=\"your-email\" \/><\/span> <\/label>\n<\/p>\n<p><label> Betreff<br \/>\n<span class=\"wpcf7-form-control-wrap\" data-name=\"your-subject\"><input size=\"40\" maxlength=\"400\" class=\"wpcf7-form-control wpcf7-text wpcf7-validates-as-required\" aria-required=\"true\" aria-invalid=\"false\" value=\"\" type=\"text\" name=\"your-subject\" \/><\/span> <\/label>\n<\/p>\n<p><label> Nachricht (optional)<br \/>\n<span class=\"wpcf7-form-control-wrap\" data-name=\"your-message\"><textarea cols=\"40\" rows=\"10\" maxlength=\"2000\" class=\"wpcf7-form-control wpcf7-textarea\" aria-invalid=\"false\" name=\"your-message\"><\/textarea><\/span> <\/label>\n<\/p>\n<p><input class=\"wpcf7-form-control wpcf7-submit has-spinner\" type=\"submit\" value=\"Senden\" \/>\n<\/p><div class=\"wpcf7-response-output\" aria-hidden=\"true\"><\/div>\n<\/form>\n<\/div>\n<\/div>\n\n\n\n<p>Die eingebenen Daten werden nur f\u00fcr die Beantwortung der Nachricht verwendet.<br>Ihre Daten werden gem\u00e4\u00df unserer <a href=\"https:\/\/bianka-estel.art\/?page_id=1570\" data-type=\"page\" data-id=\"1570\" target=\"_blank\" rel=\"noreferrer noopener\">Datenschutzerkl\u00e4rung<\/a> verarbeitet.<\/p>\n","protected":false},"excerpt":{"rendered":"<p>Bitte die notwendigen Daten und die Informationen eintragen. Ich melde mich schnellstm\u00f6glich zur\u00fcck. Die eingebenen Daten werden nur f\u00fcr die Beantwortung der Nachricht verwendet.Ihre Daten werden gem\u00e4\u00df unserer&#8230;<\/p>\n","protected":false},"author":1,"featured_media":0,"parent":0,"menu_order":0,"comment_status":"closed","ping_status":"closed","template":"","meta":{"footnotes":""},"class_list":["post-178","page","type-page","status-publish","hentry"],"_links":{"self":[{"href":"https:\/\/bianka-estel.art\/index.php?rest_route=\/wp\/v2\/pages\/178","targetHints":{"allow":["GET"]}}],"collection":[{"href":"https:\/\/bianka-estel.art\/index.php?rest_route=\/wp\/v2\/pages"}],"about":[{"href":"https:\/\/bianka-estel.art\/index.php?rest_route=\/wp\/v2\/types\/page"}],"author":[{"embeddable":true,"href":"https:\/\/bianka-estel.art\/index.php?rest_route=\/wp\/v2\/users\/1"}],"replies":[{"embeddable":true,"href":"https:\/\/bianka-estel.art\/index.php?rest_route=%2Fwp%2Fv2%2Fcomments&post=178"}],"version-history":[{"count":8,"href":"https:\/\/bianka-estel.art\/index.php?rest_route=\/wp\/v2\/pages\/178\/revisions"}],"predecessor-version":[{"id":1575,"href":"https:\/\/bianka-estel.art\/index.php?rest_route=\/wp\/v2\/pages\/178\/revisions\/1575"}],"wp:attachment":[{"href":"https:\/\/bianka-estel.art\/index.php?rest_route=%2Fwp%2Fv2%2Fmedia&parent=178"}],"curies":[{"name":"wp","href":"https:\/\/api.w.org\/{rel}","templated":true}]}}